{"id":7848,"date":"2022-01-17T16:24:16","date_gmt":"2022-01-17T09:24:16","guid":{"rendered":"https:\/\/canada.com.vn\/home-2\/"},"modified":"2024-11-07T14:52:46","modified_gmt":"2024-11-07T07:52:46","slug":"home-2","status":"publish","type":"page","link":"https:\/\/canada.com.vn\/en\/","title":{"rendered":"Home"},"content":{"rendered":"\t<section class=\"section pb-3\" id=\"section_99409885\">\r\n\t\t<div class=\"bg section-bg fill bg-fill bg-loaded \">\r\n\r\n\t\t\t\r\n\t\t\t<div class=\"section-bg-overlay absolute fill\"><\/div>\r\n\t\t\t\r\n\r\n\t\t<\/div><!-- .section-bg -->\r\n\r\n\t\t<div class=\"section-content relative\">\r\n\t\t\t\n<div class=\"row\"  id=\"row-277110366\">\n<div class=\"col d-none d-md-block small-12 large-12\"><div class=\"col-inner\">\n<div class=\"gap-element\" style=\"display:block; height:auto; padding-top:80px\" class=\"clearfix\"><\/div>\n<\/div><\/div>\n<div class=\"col d-block d-md-none small-12 large-12\"><div class=\"col-inner\">\n<div class=\"gap-element\" style=\"display:block; height:auto; padding-top:5px\" class=\"clearfix\"><\/div>\n<\/div><\/div>\n<\/div>\n<span class=\"scroll-to\" data-label=\"Scroll to: #about-us\" data-bullet=\"false\" data-link=\"#about-us\" data-title=\"about us\"><a name=\"about-us\"><\/a><\/span>\n<div class=\"row\"  id=\"row-1832007659\">\n<div class=\"col small-12 large-12\"><div class=\"col-inner\">\n<p class=\"text-white\"><strong>IMM Consulting<\/strong> (Immigration Company Limited) is a pioneering company in Vietnam which specializes in providing consulting services and assistance in preparing applications for Canadian Skilled Worker programs since 2015. We have great advantages in seeking suitable jobs for 1each specific client, giving advice on immigration paths and preparing Visa applications for clients, enabling them to enter Canada for studying, working and obtaining permanent resident status (PR) in this country.<\/p>\n<h2 style=\"text-align: center; color: #fff;\"><strong>Grasp the opportunity to Work \u2013 Study and Settle in Canada<\/strong><\/h2>\n<\/div><\/div>\n<\/div>\n<div class=\"row align-equal pb-0\"  id=\"row-1685615928\">\n<div class=\"col medium-4 small-12 large-4\"><div class=\"col-inner\" style=\"background-color:rgb(255, 255, 255);padding:15px 15px 15px 15px;\">\n<div class=\"container section-title-container\"><h3 class=\"section-title section-title-bold-center\"><b><\/b><span class=\"section-title-main\" style=\"font-size:126%;color:rgb(136, 71, 74);\">300+<\/span><b><\/b><\/h3><\/div><!-- .section-title -->\n<p class=\"thin-font\" style=\"text-align: center;\">Highly skilled applicants from Vietnam found their job opportunities and successfully settled in Canada.<\/p>\n<\/div><\/div>\n<div class=\"col medium-4 small-12 large-4\"><div class=\"col-inner\" style=\"background-color:rgb(255, 255, 255);padding:15px 15px 15px 15px;\">\n<div class=\"container section-title-container\"><h3 class=\"section-title section-title-bold-center\"><b><\/b><span class=\"section-title-main\" style=\"font-size:126%;color:rgb(136, 71, 74);\">200+<\/span><b><\/b><\/h3><\/div><!-- .section-title -->\n<p style=\"text-align: center;\">Successful applications for Study Permit were consulted and prepared by IMM Consulting.<\/p>\n<\/div><\/div>\n<div class=\"col medium-4 small-12 large-4\"><div class=\"col-inner\" style=\"background-color:rgb(255, 255, 255);padding:15px 15px 15px 15px;\">\n<div class=\"container section-title-container\"><h3 class=\"section-title section-title-bold-center\"><b><\/b><span class=\"section-title-main\" style=\"font-size:126%;color:rgb(136, 71, 74);\">1000+<\/span><b><\/b><\/h3><\/div><!-- .section-title -->\n<p style=\"text-align: center;\">Canada visas (for studying, travelling and working) were issued to Vietnamese families, applications were consulted and prepared by IMM Consulting.<\/p>\n<\/div><\/div>\n\n<style scope=\"scope\">\n\n<\/style>\n<\/div>\n\t\t<\/div><!-- .section-content -->\r\n\r\n\t\t\n<style scope=\"scope\">\n\n#section_99409885 {\n  padding-top: 30px;\n  padding-bottom: 30px;\n}\n#section_99409885 .section-bg-overlay {\n  background-color: rgba(61, 12, 12, 0.77);\n}\n#section_99409885 .section-bg.bg-loaded {\n  background-image: url(https:\/\/canada.com.vn\/wp-content\/uploads\/2021\/11\/19.-Dieu-kien-nhap-cu-Canada-cho-nguoi-lao-dong-co-tay-nghe.jpg);\n}\n<\/style>\n\t<\/section>\r\n\t\n\t<section class=\"section pb-2\" id=\"section_1364225252\">\r\n\t\t<div class=\"bg section-bg fill bg-fill bg-loaded bg-loaded\">\r\n\r\n\t\t\t\r\n\t\t\t<div class=\"section-bg-overlay absolute fill\"><\/div>\r\n\t\t\t\r\n\r\n\t\t<\/div><!-- .section-bg -->\r\n\r\n\t\t<div class=\"section-content relative\">\r\n\t\t\t\n<div class=\"row row-large align-middle\"  id=\"row-1115874785\">\n<div class=\"col medium-6 small-12 large-6\"><div class=\"col-inner\">\n\t<div class=\"img has-hover x md-x lg-x y md-y lg-y\" id=\"image_1835502115\">\r\n\t\t\t\t\t\t\t\t<div class=\"img-inner image-zoom dark\">\r\n\t\t\t<img loading=\"lazy\" decoding=\"async\" width=\"1020\" height=\"680\" src=\"https:\/\/canada.com.vn\/wp-content\/uploads\/2021\/12\/brooke-cagle-uHVRvDr7pg-unsplash-1200x800.jpg\" class=\"attachment-large size-large\" alt=\"\" srcset=\"https:\/\/canada.com.vn\/wp-content\/uploads\/2021\/12\/brooke-cagle-uHVRvDr7pg-unsplash-1200x800.jpg 1200w, https:\/\/canada.com.vn\/wp-content\/uploads\/2021\/12\/brooke-cagle-uHVRvDr7pg-unsplash-600x400.jpg 600w, https:\/\/canada.com.vn\/wp-content\/uploads\/2021\/12\/brooke-cagle-uHVRvDr7pg-unsplash-768x512.jpg 768w, https:\/\/canada.com.vn\/wp-content\/uploads\/2021\/12\/brooke-cagle-uHVRvDr7pg-unsplash.jpg 1500w\" sizes=\"auto, (max-width: 1020px) 100vw, 1020px\" \/>\t\t\t\t\t\t\r\n\t\t\t\t\t<\/div>\r\n\t\t\t\t\t\t\t\t\n<style scope=\"scope\">\n\n#image_1835502115 {\n  width: 100%;\n}\n<\/style>\n\t<\/div>\r\n\t\n<\/div><\/div>\n<div class=\"col medium-6 small-12 large-6\"><div class=\"col-inner text-left\">\n<h2 style=\"text-align: left;\"><strong>IMM Consulting\u2019s scope of services \u2013 Canada immigration consulting<\/strong><\/h2>\n<ol>\n<li style=\"text-align: left;\">Canada immigration consulting services for Skille Worker Programs in major provinces such as Saskatchewan, British Columbia, Alberta, Nova Scotia, Manitoba, Prince Edward Island, Ontario and governmental pilot programs.<\/li>\n<li style=\"text-align: left;\">Canada immigration consulting services for Business Streams such as Start-up Visa and Provincial Entrpreneur Programs.<\/li>\n<li style=\"text-align: left;\">Consulting services for Study Pathways to Permanent Residence.<\/li>\n<li style=\"text-align: left;\">Consulting services in seeking jobs in Canada.<\/li>\n<\/ol>\n<\/div><\/div>\n\n<style scope=\"scope\">\n\n<\/style>\n<\/div>\n\t\t<\/div><!-- .section-content -->\r\n\r\n\t\t\n<style scope=\"scope\">\n\n#section_1364225252 {\n  padding-top: 40px;\n  padding-bottom: 40px;\n  background-color: rgb(193, 193, 193);\n}\n#section_1364225252 .section-bg-overlay {\n  background-color: rgba(255, 255, 255, 0.85);\n}\n<\/style>\n\t<\/section>\r\n\t\n\t<section class=\"section dark\" id=\"section_973317574\">\r\n\t\t<div class=\"bg section-bg fill bg-fill bg-loaded bg-loaded\">\r\n\r\n\t\t\t\r\n\t\t\t\r\n\t\t\t\r\n\r\n\t\t<\/div><!-- .section-bg -->\r\n\r\n\t\t<div class=\"section-content relative\">\r\n\t\t\t\n<div class=\"row align-center\"  id=\"row-843292460\">\n<div class=\"col pb-0 small-12 large-12\"><div class=\"col-inner\">\n<blockquote class=\"mb-0\"><p>IMM Consulting understands the responsibility in ensuring the values \u200b\u200bof integrity, positivity and dedication in all activities of the company. Our consulting process includes many steps, testing applicants\u2019 competence and their applications\u2019 success rate before entering a contract with IMM Consulting. Our advice is always based on the most thorough and careful approaches to ensure the opportunity to stay in Canada after studying or working. We also build strong relationships with partners and experts in Canada: well-established and seasoned law firms, schools, job centers. The expertise of IMM Consulting also allows us to call for qualified human resources in Vietnam and advise in accordance with the regulations and purposes set out by the Government of Canada.<\/p><\/blockquote>\n<\/div><\/div>\n\n<style scope=\"scope\">\n\n<\/style>\n<\/div>\n\t\t<\/div><!-- .section-content -->\r\n\r\n\t\t\n<style scope=\"scope\">\n\n#section_973317574 {\n  padding-top: 30px;\n  padding-bottom: 30px;\n  background-color: rgb(40, 40, 40);\n}\n<\/style>\n\t<\/section>\r\n\t\n<span class=\"scroll-to\" data-label=\"Scroll to: #core-values-of-imm-canada\" data-bullet=\"false\" data-link=\"#core-values-of-imm-canada\" data-title=\"Values\"><a name=\"core-values-of-imm-canada\"><\/a><\/span>\n\t<section class=\"section\" id=\"section_220826910\">\r\n\t\t<div class=\"bg section-bg fill bg-fill bg-loaded bg-loaded\">\r\n\r\n\t\t\t\r\n\t\t\t<div class=\"section-bg-overlay absolute fill\"><\/div>\r\n\t\t\t\r\n\r\n\t\t<\/div><!-- .section-bg -->\r\n\r\n\t\t<div class=\"section-content relative\">\r\n\t\t\t\n<div class=\"row\"  id=\"row-1170471277\">\n<div class=\"col small-12 large-12\"><div class=\"col-inner\">\n<div class=\"container section-title-container\"><h2 class=\"section-title section-title-normal\"><b><\/b><span class=\"section-title-main\">CORE VALUES OF IMM Consulting<\/span><b><\/b><\/h2><\/div><!-- .section-title -->\n<\/div><\/div>\n<\/div>\n<div class=\"row row-large align-middle align-center\"  id=\"row-1456605615\">\n<div class=\"col medium-6 small-12 large-6\"><div class=\"col-inner text-left\">\n<p>We adhere to the principle of working under 2 main values: Commitment and Practicality.<\/p>\n<h3><strong>Commitment<\/strong><\/h3>\n<p>Representing the sincerity in giving information, advice on immigration pathways and supporting IMM Consulting\u2019s clients to make wise decisions in choosing a destination to gain greatest experience in study, work, business and immigration.<\/p>\n<h3><strong>Practicality<\/strong><\/h3>\n<p>Through the application of experience and professional knowledge accumulated over 10 years in the industry to handle difficult situations that IMM Consulting\u2019s clients encounter, facilitating them to overcome difficulties and find out the best solution for achieving their goals of studying, working and investing abroad.<\/p>\n<\/div><\/div>\n<div class=\"col medium-6 small-12 large-6\"><div class=\"col-inner\">\n\t<div class=\"img has-hover x md-x lg-x y md-y lg-y\" id=\"image_1201563458\">\r\n\t\t\t\t\t\t\t\t<div class=\"img-inner image-zoom dark\">\r\n\t\t\t<img loading=\"lazy\" decoding=\"async\" width=\"670\" height=\"711\" src=\"https:\/\/canada.com.vn\/wp-content\/uploads\/2021\/11\/Rectangle.png\" class=\"attachment-large size-large\" alt=\"\" srcset=\"https:\/\/canada.com.vn\/wp-content\/uploads\/2021\/11\/Rectangle.png 670w, https:\/\/canada.com.vn\/wp-content\/uploads\/2021\/11\/Rectangle-377x400.png 377w\" sizes=\"auto, (max-width: 670px) 100vw, 670px\" \/>\t\t\t\t\t\t\r\n\t\t\t\t\t<\/div>\r\n\t\t\t\t\t\t\t\t\n<style scope=\"scope\">\n\n#image_1201563458 {\n  width: 100%;\n}\n<\/style>\n\t<\/div>\r\n\t\n<\/div><\/div>\n\n<style scope=\"scope\">\n\n<\/style>\n<\/div>\n\t\t<\/div><!-- .section-content -->\r\n\r\n\t\t\n<style scope=\"scope\">\n\n#section_220826910 {\n  padding-top: 30px;\n  padding-bottom: 30px;\n  background-color: rgb(193, 193, 193);\n}\n#section_220826910 .section-bg-overlay {\n  background-color: rgba(255, 255, 255, 0.85);\n}\n<\/style>\n\t<\/section>\r\n\t\n<span class=\"scroll-to\" data-label=\"Scroll to: #contact-us\" data-bullet=\"false\" data-link=\"#contact-us\" data-title=\"contact\"><a name=\"contact-us\"><\/a><\/span>\n","protected":false},"excerpt":{"rendered":"","protected":false},"author":9,"featured_media":7291,"parent":0,"menu_order":33,"comment_status":"closed","ping_status":"closed","template":"page-blank.php","meta":{"footnotes":""},"class_list":["post-7848","page","type-page","status-publish","has-post-thumbnail","hentry"],"yoast_head":"<!-- This site is optimized with the Yoast SEO plugin v24.0 - https:\/\/yoast.com\/wordpress\/plugins\/seo\/ -->\n<title>IMM Consulting - T\u01b0 v\u1ea5n \u0111\u1ecbnh c\u01b0 di\u1ec7n tay ngh\u1ec1 (Skilled Worker) t\u1ea1i Canada, M\u1ef9, \u00dac v\u00e0 Ch\u00e2u \u00c2u %<\/title>\n<meta name=\"description\" content=\"IMM Consulting (Immigration Company Limited) is a pioneering company in Vietnam which specializes in providing consulting services and assistance in preparing applications for Canadian Skilled Worker programs since 2015.\" \/>\n<meta name=\"robots\" content=\"index, follow, max-snippet:-1, max-image-preview:large, max-video-preview:-1\" \/>\n<link rel=\"canonical\" href=\"https:\/\/canada.com.vn\/en\/\" \/>\n<meta property=\"og:locale\" content=\"en_US\" \/>\n<meta property=\"og:type\" content=\"article\" \/>\n<meta property=\"og:title\" content=\"IMM Consulting - T\u01b0 v\u1ea5n \u0111\u1ecbnh c\u01b0 di\u1ec7n tay ngh\u1ec1 (Skilled Worker) t\u1ea1i Canada, M\u1ef9, \u00dac v\u00e0 Ch\u00e2u \u00c2u %\" \/>\n<meta property=\"og:description\" content=\"IMM Consulting (Immigration Company Limited) is a pioneering company in Vietnam which specializes in providing consulting services and assistance in preparing applications for Canadian Skilled Worker programs since 2015.\" \/>\n<meta property=\"og:url\" content=\"https:\/\/canada.com.vn\/en\/\" \/>\n<meta property=\"og:site_name\" content=\"IMM Consulting - T\u01b0 v\u1ea5n \u0111\u1ecbnh c\u01b0 di\u1ec7n tay ngh\u1ec1 (Skilled Worker) t\u1ea1i Canada, M\u1ef9, \u00dac v\u00e0 Ch\u00e2u \u00c2u\" \/>\n<meta property=\"article:publisher\" content=\"https:\/\/www.facebook.com\/IMMCanada.Canada.com.vn\/\" \/>\n<meta property=\"article:modified_time\" content=\"2024-11-07T07:52:46+00:00\" \/>\n<meta property=\"og:image\" content=\"https:\/\/canada.com.vn\/wp-content\/uploads\/2022\/01\/Dinh-cu-Canada-Skilled-worker-canada-dinh-cu-tay-nghe-canada.png\" \/>\n\t<meta property=\"og:image:width\" content=\"408\" \/>\n\t<meta property=\"og:image:height\" content=\"281\" \/>\n\t<meta property=\"og:image:type\" content=\"image\/png\" \/>\n<meta name=\"twitter:card\" content=\"summary_large_image\" \/>\n<meta name=\"twitter:label1\" content=\"Est. reading time\" \/>\n\t<meta name=\"twitter:data1\" content=\"3 minutes\" \/>\n<script type=\"application\/ld+json\" class=\"yoast-schema-graph\">{\"@context\":\"https:\/\/schema.org\",\"@graph\":[{\"@type\":\"WebPage\",\"@id\":\"https:\/\/canada.com.vn\/en\/\",\"url\":\"https:\/\/canada.com.vn\/en\/\",\"name\":\"IMM Consulting - T\u01b0 v\u1ea5n \u0111\u1ecbnh c\u01b0 di\u1ec7n tay ngh\u1ec1 (Skilled Worker) t\u1ea1i Canada, M\u1ef9, \u00dac v\u00e0 Ch\u00e2u \u00c2u %\",\"isPartOf\":{\"@id\":\"https:\/\/canada.com.vn\/#website\"},\"primaryImageOfPage\":{\"@id\":\"https:\/\/canada.com.vn\/en\/#primaryimage\"},\"image\":{\"@id\":\"https:\/\/canada.com.vn\/en\/#primaryimage\"},\"thumbnailUrl\":\"https:\/\/canada.com.vn\/wp-content\/uploads\/2022\/01\/Dinh-cu-Canada-Skilled-worker-canada-dinh-cu-tay-nghe-canada.png\",\"datePublished\":\"2022-01-17T09:24:16+00:00\",\"dateModified\":\"2024-11-07T07:52:46+00:00\",\"description\":\"IMM Consulting (Immigration Company Limited) is a pioneering company in Vietnam which specializes in providing consulting services and assistance in preparing applications for Canadian Skilled Worker programs since 2015.\",\"breadcrumb\":{\"@id\":\"https:\/\/canada.com.vn\/en\/#breadcrumb\"},\"inLanguage\":\"en-US\",\"potentialAction\":[{\"@type\":\"ReadAction\",\"target\":[\"https:\/\/canada.com.vn\/en\/\"]}]},{\"@type\":\"ImageObject\",\"inLanguage\":\"en-US\",\"@id\":\"https:\/\/canada.com.vn\/en\/#primaryimage\",\"url\":\"https:\/\/canada.com.vn\/wp-content\/uploads\/2022\/01\/Dinh-cu-Canada-Skilled-worker-canada-dinh-cu-tay-nghe-canada.png\",\"contentUrl\":\"https:\/\/canada.com.vn\/wp-content\/uploads\/2022\/01\/Dinh-cu-Canada-Skilled-worker-canada-dinh-cu-tay-nghe-canada.png\",\"width\":408,\"height\":281},{\"@type\":\"BreadcrumbList\",\"@id\":\"https:\/\/canada.com.vn\/en\/#breadcrumb\",\"itemListElement\":[{\"@type\":\"ListItem\",\"position\":1,\"name\":\"Home\",\"item\":\"https:\/\/canada.com.vn\/en\/\"},{\"@type\":\"ListItem\",\"position\":2,\"name\":\"Home\"}]},{\"@type\":\"WebSite\",\"@id\":\"https:\/\/canada.com.vn\/#website\",\"url\":\"https:\/\/canada.com.vn\/\",\"name\":\"IMM Consulting - T\u01b0 v\u1ea5n \u0111\u1ecbnh c\u01b0 Canada\",\"description\":\"IMM Canada - T\u01b0 v\u1ea5n \u0111\u1ecbnh c\u01b0 Canada\",\"publisher\":{\"@id\":\"https:\/\/canada.com.vn\/#organization\"},\"potentialAction\":[{\"@type\":\"SearchAction\",\"target\":{\"@type\":\"EntryPoint\",\"urlTemplate\":\"https:\/\/canada.com.vn\/?s={search_term_string}\"},\"query-input\":{\"@type\":\"PropertyValueSpecification\",\"valueRequired\":true,\"valueName\":\"search_term_string\"}}],\"inLanguage\":\"en-US\"},{\"@type\":\"Organization\",\"@id\":\"https:\/\/canada.com.vn\/#organization\",\"name\":\"IMM Consulting - T\u01b0 v\u1ea5n \u0111\u1ecbnh c\u01b0 Canada\",\"url\":\"https:\/\/canada.com.vn\/\",\"logo\":{\"@type\":\"ImageObject\",\"inLanguage\":\"en-US\",\"@id\":\"https:\/\/canada.com.vn\/#\/schema\/logo\/image\/\",\"url\":\"https:\/\/canada.com.vn\/wp-content\/uploads\/2022\/04\/IMMCa-logo-01.png\",\"contentUrl\":\"https:\/\/canada.com.vn\/wp-content\/uploads\/2022\/04\/IMMCa-logo-01.png\",\"width\":304,\"height\":148,\"caption\":\"IMM Consulting - T\u01b0 v\u1ea5n \u0111\u1ecbnh c\u01b0 Canada\"},\"image\":{\"@id\":\"https:\/\/canada.com.vn\/#\/schema\/logo\/image\/\"},\"sameAs\":[\"https:\/\/www.facebook.com\/IMMCanada.Canada.com.vn\/\"]}]}<\/script>\n<!-- \/ Yoast SEO plugin. -->","yoast_head_json":{"title":"IMM Consulting - T\u01b0 v\u1ea5n \u0111\u1ecbnh c\u01b0 di\u1ec7n tay ngh\u1ec1 (Skilled Worker) t\u1ea1i Canada, M\u1ef9, \u00dac v\u00e0 Ch\u00e2u \u00c2u %","description":"IMM Consulting (Immigration Company Limited) is a pioneering company in Vietnam which specializes in providing consulting services and assistance in preparing applications for Canadian Skilled Worker programs since 2015.","robots":{"index":"index","follow":"follow","max-snippet":"max-snippet:-1","max-image-preview":"max-image-preview:large","max-video-preview":"max-video-preview:-1"},"canonical":"https:\/\/canada.com.vn\/en\/","og_locale":"en_US","og_type":"article","og_title":"IMM Consulting - T\u01b0 v\u1ea5n \u0111\u1ecbnh c\u01b0 di\u1ec7n tay ngh\u1ec1 (Skilled Worker) t\u1ea1i Canada, M\u1ef9, \u00dac v\u00e0 Ch\u00e2u \u00c2u %","og_description":"IMM Consulting (Immigration Company Limited) is a pioneering company in Vietnam which specializes in providing consulting services and assistance in preparing applications for Canadian Skilled Worker programs since 2015.","og_url":"https:\/\/canada.com.vn\/en\/","og_site_name":"IMM Consulting - T\u01b0 v\u1ea5n \u0111\u1ecbnh c\u01b0 di\u1ec7n tay ngh\u1ec1 (Skilled Worker) t\u1ea1i Canada, M\u1ef9, \u00dac v\u00e0 Ch\u00e2u \u00c2u","article_publisher":"https:\/\/www.facebook.com\/IMMCanada.Canada.com.vn\/","article_modified_time":"2024-11-07T07:52:46+00:00","og_image":[{"width":408,"height":281,"url":"https:\/\/canada.com.vn\/wp-content\/uploads\/2022\/01\/Dinh-cu-Canada-Skilled-worker-canada-dinh-cu-tay-nghe-canada.png","type":"image\/png"}],"twitter_card":"summary_large_image","twitter_misc":{"Est. reading time":"3 minutes"},"schema":{"@context":"https:\/\/schema.org","@graph":[{"@type":"WebPage","@id":"https:\/\/canada.com.vn\/en\/","url":"https:\/\/canada.com.vn\/en\/","name":"IMM Consulting - T\u01b0 v\u1ea5n \u0111\u1ecbnh c\u01b0 di\u1ec7n tay ngh\u1ec1 (Skilled Worker) t\u1ea1i Canada, M\u1ef9, \u00dac v\u00e0 Ch\u00e2u \u00c2u %","isPartOf":{"@id":"https:\/\/canada.com.vn\/#website"},"primaryImageOfPage":{"@id":"https:\/\/canada.com.vn\/en\/#primaryimage"},"image":{"@id":"https:\/\/canada.com.vn\/en\/#primaryimage"},"thumbnailUrl":"https:\/\/canada.com.vn\/wp-content\/uploads\/2022\/01\/Dinh-cu-Canada-Skilled-worker-canada-dinh-cu-tay-nghe-canada.png","datePublished":"2022-01-17T09:24:16+00:00","dateModified":"2024-11-07T07:52:46+00:00","description":"IMM Consulting (Immigration Company Limited) is a pioneering company in Vietnam which specializes in providing consulting services and assistance in preparing applications for Canadian Skilled Worker programs since 2015.","breadcrumb":{"@id":"https:\/\/canada.com.vn\/en\/#breadcrumb"},"inLanguage":"en-US","potentialAction":[{"@type":"ReadAction","target":["https:\/\/canada.com.vn\/en\/"]}]},{"@type":"ImageObject","inLanguage":"en-US","@id":"https:\/\/canada.com.vn\/en\/#primaryimage","url":"https:\/\/canada.com.vn\/wp-content\/uploads\/2022\/01\/Dinh-cu-Canada-Skilled-worker-canada-dinh-cu-tay-nghe-canada.png","contentUrl":"https:\/\/canada.com.vn\/wp-content\/uploads\/2022\/01\/Dinh-cu-Canada-Skilled-worker-canada-dinh-cu-tay-nghe-canada.png","width":408,"height":281},{"@type":"BreadcrumbList","@id":"https:\/\/canada.com.vn\/en\/#breadcrumb","itemListElement":[{"@type":"ListItem","position":1,"name":"Home","item":"https:\/\/canada.com.vn\/en\/"},{"@type":"ListItem","position":2,"name":"Home"}]},{"@type":"WebSite","@id":"https:\/\/canada.com.vn\/#website","url":"https:\/\/canada.com.vn\/","name":"IMM Consulting - T\u01b0 v\u1ea5n \u0111\u1ecbnh c\u01b0 Canada","description":"IMM Canada - T\u01b0 v\u1ea5n \u0111\u1ecbnh c\u01b0 Canada","publisher":{"@id":"https:\/\/canada.com.vn\/#organization"},"potentialAction":[{"@type":"SearchAction","target":{"@type":"EntryPoint","urlTemplate":"https:\/\/canada.com.vn\/?s={search_term_string}"},"query-input":{"@type":"PropertyValueSpecification","valueRequired":true,"valueName":"search_term_string"}}],"inLanguage":"en-US"},{"@type":"Organization","@id":"https:\/\/canada.com.vn\/#organization","name":"IMM Consulting - T\u01b0 v\u1ea5n \u0111\u1ecbnh c\u01b0 Canada","url":"https:\/\/canada.com.vn\/","logo":{"@type":"ImageObject","inLanguage":"en-US","@id":"https:\/\/canada.com.vn\/#\/schema\/logo\/image\/","url":"https:\/\/canada.com.vn\/wp-content\/uploads\/2022\/04\/IMMCa-logo-01.png","contentUrl":"https:\/\/canada.com.vn\/wp-content\/uploads\/2022\/04\/IMMCa-logo-01.png","width":304,"height":148,"caption":"IMM Consulting - T\u01b0 v\u1ea5n \u0111\u1ecbnh c\u01b0 Canada"},"image":{"@id":"https:\/\/canada.com.vn\/#\/schema\/logo\/image\/"},"sameAs":["https:\/\/www.facebook.com\/IMMCanada.Canada.com.vn\/"]}]}},"jetpack_sharing_enabled":true,"_links":{"self":[{"href":"https:\/\/canada.com.vn\/en\/wp-json\/wp\/v2\/pages\/7848","targetHints":{"allow":["GET"]}}],"collection":[{"href":"https:\/\/canada.com.vn\/en\/wp-json\/wp\/v2\/pages"}],"about":[{"href":"https:\/\/canada.com.vn\/en\/wp-json\/wp\/v2\/types\/page"}],"author":[{"embeddable":true,"href":"https:\/\/canada.com.vn\/en\/wp-json\/wp\/v2\/users\/9"}],"replies":[{"embeddable":true,"href":"https:\/\/canada.com.vn\/en\/wp-json\/wp\/v2\/comments?post=7848"}],"version-history":[{"count":21,"href":"https:\/\/canada.com.vn\/en\/wp-json\/wp\/v2\/pages\/7848\/revisions"}],"predecessor-version":[{"id":11030,"href":"https:\/\/canada.com.vn\/en\/wp-json\/wp\/v2\/pages\/7848\/revisions\/11030"}],"wp:featuredmedia":[{"embeddable":true,"href":"https:\/\/canada.com.vn\/en\/wp-json\/wp\/v2\/media\/7291"}],"wp:attachment":[{"href":"https:\/\/canada.com.vn\/en\/wp-json\/wp\/v2\/media?parent=7848"}],"curies":[{"name":"wp","href":"https:\/\/api.w.org\/{rel}","templated":true}]}}